{"id":10466,"date":"2025-01-26T11:54:08","date_gmt":"2025-01-26T10:54:08","guid":{"rendered":"https:\/\/www.humangeographie.uni-mainz.de\/?page_id=10466"},"modified":"2026-01-09T14:07:38","modified_gmt":"2026-01-09T13:07:38","slug":"paul-hummel","status":"publish","type":"page","link":"https:\/\/www.humangeographie.uni-mainz.de\/en\/paul-hummel\/","title":{"rendered":"Paul Hummel"},"content":{"rendered":"\n<div class=\"wp-block-columns is-layout-flex wp-container-core-columns-is-layout-9d6595d7 wp-block-columns-is-layout-flex\">\n<div class=\"wp-block-column is-layout-flow wp-block-column-is-layout-flow\"><jgu-base-heading react-props=\"{\n    &quot;index&quot;: &quot;M. A.&quot;,\n    &quot;tags&quot;: {\n        &quot;htmlTag&quot;: &quot;h2&quot;,\n        &quot;classTag&quot;: &quot;&quot;,\n        &quot;tag&quot;: &quot;h2&quot;\n    },\n    &quot;heading&quot;: &quot;Paul Hummel&quot;,\n    &quot;textAlign&quot;: &quot;left&quot;,\n    &quot;anchor&quot;: &quot;&quot;,\n    &quot;color&quot;: &quot;red&quot;\n}\"><\/jgu-base-heading>\n\n\n\n<p><strong>Research Associate<\/strong><\/p>\n\n\n\n<p>After vocational training as a paramedic, Paul Hummel studied at the Albert-Ludwigs-Universit\u00e4t Freiburg and the Universit\u00e9 de La R\u00e9union. He completed two combined bachelor&#8217;s programs in the subjects of Geography, Political Science and Sports Science. He then specialized his training as a human geographer in the English-language master&#8217;s degree program <em>Human Geography: Globalization, Media and Culture<\/em> at the Johannes Gutenberg University Mainz. In his master&#8217;s thesis, he dealt with political and indigenous identity in the music of the P&#8217;urh\u00e9pecha in Michoac\u00e1n, Mexico. The documentary <em>Ra\u00edces y Brotes<\/em> (2023) was created as part of a practical film approach to geography.    <\/p>\n\n\n\n<p>After two years of professional activity with a regional focus on the countries of the French-speaking Sahel within the Africa portfolio of the Deutsche Gesellschaft f\u00fcr Internationale Zusammenarbeit (GIZ), Paul Hummel has been working as a doctoral candidate and academic staff member in the Human Geography work group under the direction of Prof. Dr. Veronika Cummings since October 2023.<\/p>\n\n\n\n<p>In his current research, he deals with migrant self-narratives in the context of European migration between the western Sahel states and Europe. The focus is on cultural forms of expression such as music or Film, which are understood as a form of urban identity formation and subjectivation as well as politicized counter-designs to dominant migration policy discourses. He is particularly interested in the extent to which artistic practices in exile and migration contexts can promote social resilience, while at the same time being integrated into postcolonial and defamatory narratives. His work examines the unequal preconditions for creative resilience and understands aesthetic practices as a central site of spatially manifesting social conflicts.   <\/p>\n\n\n<jgu-base-accordion react-props=\"{&quot;selected&quot;:4,&quot;align&quot;:&quot;wide&quot;,&quot;hasAllOpenButton&quot;:true,&quot;onlyOne&quot;:false,&quot;initAllClosed&quot;:true,&quot;enableSearch&quot;:false}\">\n    \n<jgu-base-accordionitem react-props=\"{&quot;title&quot;:&quot;Publications&quot;,&quot;init&quot;:false,&quot;slug&quot;:&quot;publikationen&quot;,&quot;align&quot;:&quot;wide&quot;,&quot;customSlug&quot;:false}\">\n    \n\n<p>Manvelidze, K. &amp; P. Hummel (2025): Blue Batumi. The &#8216;Las Vegas of the Black Sea&#8217; between tourism value creation and socio-ecological vulnerability. In: City and water. Geographical Review (12) 2025, pp. 42-47.   <\/p>\n\n\n\n<p>Hummel, P. (2025): Our land, our pirekuas. Music as a form of resistance and its appropriations. In: Science &amp; Peace 3: 45-47.  <\/p>\n\n\n\n<p>Sommerlad<strong>,<\/strong> E. &amp; P. Hummel (2025): Researching with moving images: perspectives on an applied film geography. In: Bauer, L., K. Beurskens, J. Dobrusskin, N. K\u00fcttel, J. Miggelbrink, A.-L- M\u00fcller &amp; E. N\u00f6then (eds.): <a href=\"https:\/\/www.dampfboot-verlag.de\/de\/buecher\/visualisierung-qualitativer-geographien\">Visualizing Qualitative Geographies: A Handbook<\/a>. M\u00fcnster: Westf\u00e4lisches Dampfboot: 123-131.<\/p>\n\n\n\n<p>Hummel, P., Sommerlad, E. &amp; Zschocke, J. (2024). <em>Doing Film Geographies with the Video Documentary Approach<\/em>. VisQual Methodbox.   <a href=\"https:\/\/visqual.leibniz-ifl-projekte.de\/methodbox\/2024\/03\/21\/video-documentary\/\">https:\/\/visqual.leibniz-ifl-projekte.de\/methodbox\/2024\/03\/21\/video-documentary\/<\/a><\/p>\n\n\n\n<p>Hummel, P. (2023). Ra\u00edces y Brotes &#8211; P&#8217;urh\u00e9pechan Music, Politics &amp; Identity. Youtube. <a href=\"https:\/\/www.youtube.com\/watch?v=4D74iCH30yU\">https:\/\/www.youtube.com\/watch?v=4D74iCH30yU<\/a> (22.3.2024)  <\/p>\n\n\n\n<div class=\"wp-block-columns is-layout-flex wp-container-core-columns-is-layout-9d6595d7 wp-block-columns-is-layout-flex\">\n<div class=\"wp-block-column is-layout-flow wp-block-column-is-layout-flow\"><\/div>\n<\/div>\n\n\n<\/jgu-base-accordionitem>\n\n<jgu-base-accordionitem react-props=\"{&quot;title&quot;:&quot;Conference Presentations&quot;,&quot;init&quot;:false,&quot;slug&quot;:&quot;vortrage&quot;,&quot;align&quot;:&quot;wide&quot;,&quot;customSlug&quot;:false}\">\n    \n\n<p>Hummel, P. &amp; Sommerlad, E. (2025). Doing Film Geography. Reframing (In) Visibilities of Urban Migration. Bolzano Art Week 2025 &#8211; Democracy Remapped. October 2025, Bolzano.     15.10.2025<\/p>\n\n\n\n<p>Hummel, P. (2025) Navigating Urban Displacement: Resilience and Sense of Community Among Diasporic Groups from the Alliance of Sahel States (AES) in France. <a href=\"https:\/\/www.imiscoe.org\/events\/imiscoe-events\/2117-22nd-imiscoe-annual-conference\">22nd IMISCOE Annual Conference<\/a>, July 2025, Paris. 05.07.2025<\/p>\n\n\n\n<p>Cummings, V., Hummel, P. &amp; Sommerlad, E. (2024). Film-based methods and their (geo)ethical implications: Reflections on the example of migration geographies of the urban. Conference Visual Geographies &#8211; Approaches, Methods, Questions. Dfg Network \u201cVisual Geographies\u201d, November 2024, Leipzig.    29.11.2024<\/p>\n\n\n\n<p>Cummings, V., Hummel, P. &amp; Sommerlad, E. (2024).<\/p>\n\n\n\n<p>Hummel, P., Sommerlad, E. &amp; Zschocke, J. (2024). Creation of the scientific documentary Ra\u00edces y Brotes (2023) &#8211; P&#8217;urh\u00e9pechan Music, Politics &amp; Identity. Workshop discussion: Contemporary mediation formats of regional studies knowledge &#8211; concepts, applications, experiences. Saxon Academy of Sciences and Humanities in Leipzig (SAW), October 2024, Leipzig.    15.11.2024<\/p>\n\n\n\n<p>Film-based methods and their geoethical implications:Reflections based on the example of urban migration geographies in Palermo. SPOTLIGHTS Seminar &#8211; Staring at People. Interdisciplinarity and ambiguity of playing with the visibility of humans in cities. September 2024, Bucharest.    16.09.2024<\/p>\n\n\n\n<p>Hummel, P. (2024). DIY Filmmaking at the Intersection of Urban Political Activism, Music and Migration. KISMIF International Conference &#8216;DIY Cultures, Democracy and Creative Participation&#8217; (KISMIF 2024). July 2024, Porto.    13.07.2024<\/p>\n\n\n\n<p>Cummings, V. &amp; Hummel, P. (2024). &#8220;Uncovering&#8221; migrants everyday life and the production of the urban space in Europe through art-based methods. Forthem Blended Intensive Program (BIP) 2024: &#8220;Migrants and Cities&#8221;. Universit\u00e0 degli Studi di Palermo (UNIPA), June 2024, Palermo, 10.06.2024   <\/p>\n\n\n<\/jgu-base-accordionitem>\n\n<jgu-base-accordionitem react-props=\"{&quot;title&quot;:&quot;Memberships&quot;,&quot;init&quot;:false,&quot;slug&quot;:&quot;mitgliedschaften&quot;,&quot;align&quot;:&quot;wide&quot;,&quot;customSlug&quot;:false}\">\n    \n\n<p>Gutenberg Graduate School of the Humanities and Social Sciences (GSHS)<\/p>\n\n\n\n<p>FORTHEM Diversity and Migration Lab  <\/p>\n\n\n\n<p>AK Geographical Migration Research<\/p>\n\n\n<\/jgu-base-accordionitem>\n\n<jgu-base-accordionitem react-props=\"{&quot;title&quot;:&quot;Teaching&quot;,&quot;init&quot;:false,&quot;slug&quot;:&quot;lehre&quot;,&quot;align&quot;:&quot;wide&quot;,&quot;customSlug&quot;:false}\">\n    \n\n<p><strong>Summer semester 2025:<\/strong><\/p>\n\n\n\n<ul class=\"wp-block-list\">\n<li>Major field trip with preparatory seminar: Georgia 2025<\/li>\n<\/ul>\n\n\n\n<p><strong>Winter semester 2024\/2025:<\/strong><\/p>\n\n\n\n<ul class=\"wp-block-list\">\n<li>Practice class Human Geography I (Social Geography): Group F + G<\/li>\n<\/ul>\n\n\n\n<p><strong>Summer semester 2024:<\/strong><\/p>\n\n\n\n<ul class=\"wp-block-list\">\n<li>Seminar &amp; Research Workshop : Exploring Migrants and the City: Place-Making in Palermo\/ Sicily<\/li>\n<\/ul>\n\n\n\n<p><strong>Winter semester 2023\/2024:<\/strong><\/p>\n\n\n\n<ul class=\"wp-block-list\">\n<li>Major field trip with preparatory seminar: Georgia 2024<\/li>\n<\/ul>\n\n\n<\/jgu-base-accordionitem>\n\n<\/jgu-base-accordion>\n<\/div>\n\n\n\n<div class=\"wp-block-column is-layout-flow wp-block-column-is-layout-flow\">\n<div class=\"wp-block-columns is-layout-flex wp-container-core-columns-is-layout-9d6595d7 wp-block-columns-is-layout-flex\">\n<div class=\"wp-block-column is-layout-flow wp-block-column-is-layout-flow\"><jgu-base-image react-props=\"{\n    &quot;image&quot;: {\n        &quot;url&quot;: null,\n        &quot;id&quot;: 9241\n    },\n    &quot;align&quot;: &quot;&quot;,\n    &quot;hasLightbox&quot;: false,\n    &quot;caption&quot;: &quot;&quot;,\n    &quot;imgWidth&quot;: 0,\n    &quot;link&quot;: {\n        &quot;url&quot;: &quot;&quot;,\n        &quot;target&quot;: &quot;&quot;,\n        &quot;rel&quot;: &quot;&quot;\n    }\n}\" class=\"align-\">\n    \n<\/jgu-base-image>\n\n<jgu-base-image react-props=\"{\n    &quot;image&quot;: {\n        &quot;url&quot;: &quot;https:\\\/\\\/cms.zdv.uni-mainz.de\\\/fb09humangeographie\\\/wp-content\\\/uploads\\\/sites\\\/439\\\/2025\\\/06\\\/DSCF4320-1-scaled.jpg&quot;,\n        &quot;id&quot;: 10699,\n        &quot;title&quot;: &quot;DSCF4320&quot;,\n        &quot;width&quot;: 1707,\n        &quot;height&quot;: 2560,\n        &quot;srcset&quot;: &quot;https:\\\/\\\/cms.zdv.uni-mainz.de\\\/fb09humangeographie\\\/wp-content\\\/uploads\\\/sites\\\/439\\\/2025\\\/06\\\/DSCF4320-1-scaled.jpg 1707w, https:\\\/\\\/cms.zdv.uni-mainz.de\\\/fb09humangeographie\\\/wp-content\\\/uploads\\\/sites\\\/439\\\/2025\\\/06\\\/DSCF4320-1-200x300.jpg 200w, https:\\\/\\\/cms.zdv.uni-mainz.de\\\/fb09humangeographie\\\/wp-content\\\/uploads\\\/sites\\\/439\\\/2025\\\/06\\\/DSCF4320-1-683x1024.jpg 683w, https:\\\/\\\/cms.zdv.uni-mainz.de\\\/fb09humangeographie\\\/wp-content\\\/uploads\\\/sites\\\/439\\\/2025\\\/06\\\/DSCF4320-1-768x1152.jpg 768w, https:\\\/\\\/cms.zdv.uni-mainz.de\\\/fb09humangeographie\\\/wp-content\\\/uploads\\\/sites\\\/439\\\/2025\\\/06\\\/DSCF4320-1-1024x1536.jpg 1024w, https:\\\/\\\/cms.zdv.uni-mainz.de\\\/fb09humangeographie\\\/wp-content\\\/uploads\\\/sites\\\/439\\\/2025\\\/06\\\/DSCF4320-1-1365x2048.jpg 1365w&quot;\n    },\n    &quot;align&quot;: &quot;&quot;,\n    &quot;hasLightbox&quot;: false,\n    &quot;caption&quot;: &quot;&quot;,\n    &quot;imgWidth&quot;: 0,\n    &quot;link&quot;: {\n        &quot;url&quot;: &quot;&quot;,\n        &quot;target&quot;: &quot;&quot;,\n        &quot;rel&quot;: &quot;&quot;\n    }\n}\" class=\"align-\">\n    \n<\/jgu-base-image><\/div>\n\n\n\n<div class=\"wp-block-column is-layout-flow wp-block-column-is-layout-flow\"><jgu-base-idm-person react-props=\"{\n    &quot;id&quot;: &quot;307698&quot;,\n    &quot;link&quot;: &quot;false&quot;,\n    &quot;skipDetails&quot;: [\n        &quot;portrait&quot;\n    ],\n    &quot;organizationId&quot;: 0,\n    &quot;roleId&quot;: 0,\n    &quot;align&quot;: &quot;left&quot;,\n    &quot;color&quot;: &quot;default&quot;,\n    &quot;mode&quot;: &quot;edit&quot;,\n    &quot;linkType&quot;: &quot;false&quot;\n}\">\n        \n<\/jgu-base-idm-person>\n\n\n\n<p>Consultation hour:<br \/><strong>By appointment via email<\/strong><\/p>\n<\/div>\n<\/div>\n<\/div>\n<\/div>\n\n<div style=\"height:459px\" aria-hidden=\"true\" class=\"wp-block-spacer\"><\/div>\n    <div style=\"display: none\">\n        \n    <\/div>","protected":false},"excerpt":{"rendered":"<p>Research Associate After vocational training as a paramedic, Paul Hummel studied at the Albert-Ludwigs-Universit\u00e4t Freiburg and the Universit\u00e9 de La R\u00e9union. He completed two combined bachelor&#8217;s programs in the subjects of Geography, Political Science and Sports Science. He then specialized his training as a human geographer in the English-language master&#8217;s degree program Human Geography: Globalization, &hellip; <a href=\"https:\/\/www.humangeographie.uni-mainz.de\/en\/paul-hummel\/\">Continued<\/a><\/p>\n","protected":false},"author":484,"featured_media":0,"parent":0,"menu_order":0,"comment_status":"closed","ping_status":"closed","template":"","meta":{"footnotes":""},"categories":[],"tags":[],"class_list":["post-10466","page","type-page","status-publish","hentry"],"content_raw":"<!-- wp:columns -->\n<div class=\"wp-block-columns\"><!-- wp:column -->\n<div class=\"wp-block-column\"><!-- wp:jgu\/heading {\"index\":\"M. A.\",\"tags\":{\"htmlTag\":\"h2\",\"classTag\":\"\",\"tag\":\"h2\"},\"heading\":\"Paul Hummel\"} \/-->\n\n<!-- wp:paragraph {\"translatedWithWPMLTM\":\"1\"} -->\n<p><strong>Research Associate<\/strong><\/p>\n<!-- \/wp:paragraph -->\n\n<!-- wp:paragraph {\"translatedWithWPMLTM\":\"1\"} -->\n<p>After vocational training as a paramedic, Paul Hummel studied at the Albert-Ludwigs-Universit\u00e4t Freiburg and the Universit\u00e9 de La R\u00e9union. He completed two combined bachelor's programs in the subjects of Geography, Political Science and Sports Science. He then specialized his training as a human geographer in the English-language master's degree program <em>Human Geography: Globalization, Media and Culture<\/em> at the Johannes Gutenberg University Mainz. In his master's thesis, he dealt with political and indigenous identity in the music of the P'urh\u00e9pecha in Michoac\u00e1n, Mexico. The documentary <em>Ra\u00edces y Brotes<\/em> (2023) was created as part of a practical film approach to geography.    <\/p>\n<!-- \/wp:paragraph -->\n\n<!-- wp:paragraph {\"translatedWithWPMLTM\":\"1\"} -->\n<p>After two years of professional activity with a regional focus on the countries of the French-speaking Sahel within the Africa portfolio of the Deutsche Gesellschaft f\u00fcr Internationale Zusammenarbeit (GIZ), Paul Hummel has been working as a doctoral candidate and academic staff member in the Human Geography work group under the direction of Prof. Dr. Veronika Cummings since October 2023.<\/p>\n<!-- \/wp:paragraph -->\n\n<!-- wp:paragraph {\"translatedWithWPMLTM\":\"1\"} -->\n<p>In his current research, he deals with migrant self-narratives in the context of European migration between the western Sahel states and Europe. The focus is on cultural forms of expression such as music or Film, which are understood as a form of urban identity formation and subjectivation as well as politicized counter-designs to dominant migration policy discourses. He is particularly interested in the extent to which artistic practices in exile and migration contexts can promote social resilience, while at the same time being integrated into postcolonial and defamatory narratives. His work examines the unequal preconditions for creative resilience and understands aesthetic practices as a central site of spatially manifesting social conflicts.   <\/p>\n<!-- \/wp:paragraph -->\n\n<!-- wp:jgu\/accordion {\"selected\":4} -->\n<!-- wp:jgu\/accordion-item {\"title\":\"Publications\",\"init\":false,\"slug\":\"publikationen\"} -->\n<!-- wp:paragraph {\"translatedWithWPMLTM\":\"1\"} -->\n<p>Manvelidze, K. &amp; P. Hummel (2025): Blue Batumi. The 'Las Vegas of the Black Sea' between tourism value creation and socio-ecological vulnerability. In: City and water. Geographical Review (12) 2025, pp. 42-47.   <\/p>\n<!-- \/wp:paragraph -->\n\n<!-- wp:paragraph {\"translatedWithWPMLTM\":\"1\"} -->\n<p>Hummel, P. (2025): Our land, our pirekuas. Music as a form of resistance and its appropriations. In: Science &amp; Peace 3: 45-47.  <\/p>\n<!-- \/wp:paragraph -->\n\n<!-- wp:paragraph {\"translatedWithWPMLTM\":\"1\"} -->\n<p>Sommerlad<strong>,<\/strong> E. &amp; P. Hummel (2025): Researching with moving images: perspectives on an applied film geography. In: Bauer, L., K. Beurskens, J. Dobrusskin, N. K\u00fcttel, J. Miggelbrink, A.-L- M\u00fcller &amp; E. N\u00f6then (eds.): <a href=\"https:\/\/www.dampfboot-verlag.de\/de\/buecher\/visualisierung-qualitativer-geographien\">Visualizing Qualitative Geographies: A Handbook<\/a>. M\u00fcnster: Westf\u00e4lisches Dampfboot: 123-131.<\/p>\n<!-- \/wp:paragraph -->\n\n<!-- wp:paragraph {\"translatedWithWPMLTM\":\"1\"} -->\n<p>Hummel, P., Sommerlad, E. &amp; Zschocke, J. (2024). <em>Doing Film Geographies with the Video Documentary Approach<\/em>. VisQual Methodbox.   <a href=\"https:\/\/visqual.leibniz-ifl-projekte.de\/methodbox\/2024\/03\/21\/video-documentary\/\">https:\/\/visqual.leibniz-ifl-projekte.de\/methodbox\/2024\/03\/21\/video-documentary\/<\/a><\/p>\n<!-- \/wp:paragraph -->\n\n<!-- wp:paragraph {\"translatedWithWPMLTM\":\"1\"} -->\n<p>Hummel, P. (2023). Ra\u00edces y Brotes - P'urh\u00e9pechan Music, Politics &amp; Identity. Youtube. <a href=\"https:\/\/www.youtube.com\/watch?v=4D74iCH30yU\">https:\/\/www.youtube.com\/watch?v=4D74iCH30yU<\/a> (22.3.2024)  <\/p>\n<!-- \/wp:paragraph -->\n\n<!-- wp:columns -->\n<div class=\"wp-block-columns\"><!-- wp:column -->\n<div class=\"wp-block-column\"><\/div>\n<!-- \/wp:column --><\/div>\n<!-- \/wp:columns -->\n<!-- \/wp:jgu\/accordion-item -->\n\n<!-- wp:jgu\/accordion-item {\"title\":\"Conference Presentations\",\"init\":false,\"slug\":\"vortrage\"} -->\n<!-- wp:paragraph {\"translatedWithWPMLTM\":\"1\"} -->\n<p>Hummel, P. &amp; Sommerlad, E. (2025). Doing Film Geography. Reframing (In) Visibilities of Urban Migration. Bolzano Art Week 2025 - Democracy Remapped. October 2025, Bolzano.     15.10.2025<\/p>\n<!-- \/wp:paragraph -->\n\n<!-- wp:paragraph {\"translatedWithWPMLTM\":\"1\"} -->\n<p>Hummel, P. (2025) Navigating Urban Displacement: Resilience and Sense of Community Among Diasporic Groups from the Alliance of Sahel States (AES) in France. <a href=\"https:\/\/www.imiscoe.org\/events\/imiscoe-events\/2117-22nd-imiscoe-annual-conference\">22nd IMISCOE Annual Conference<\/a>, July 2025, Paris. 05.07.2025<\/p>\n<!-- \/wp:paragraph -->\n\n<!-- wp:paragraph {\"translatedWithWPMLTM\":\"1\"} -->\n<p>Cummings, V., Hummel, P. &amp; Sommerlad, E. (2024). Film-based methods and their (geo)ethical implications: Reflections on the example of migration geographies of the urban. Conference Visual Geographies - Approaches, Methods, Questions. Dfg Network \u201cVisual Geographies\u201d, November 2024, Leipzig.    29.11.2024<\/p>\n<!-- \/wp:paragraph -->\n\n<!-- wp:paragraph -->\n<p>Cummings, V., Hummel, P. &amp; Sommerlad, E. (2024).<\/p>\n<!-- \/wp:paragraph -->\n\n<!-- wp:paragraph {\"translatedWithWPMLTM\":\"1\"} -->\n<p>Hummel, P., Sommerlad, E. &amp; Zschocke, J. (2024). Creation of the scientific documentary Ra\u00edces y Brotes (2023) - P'urh\u00e9pechan Music, Politics &amp; Identity. Workshop discussion: Contemporary mediation formats of regional studies knowledge - concepts, applications, experiences. Saxon Academy of Sciences and Humanities in Leipzig (SAW), October 2024, Leipzig.    15.11.2024<\/p>\n<!-- \/wp:paragraph -->\n\n<!-- wp:paragraph {\"translatedWithWPMLTM\":\"1\"} -->\n<p>Film-based methods and their geoethical implications:Reflections based on the example of urban migration geographies in Palermo. SPOTLIGHTS Seminar - Staring at People. Interdisciplinarity and ambiguity of playing with the visibility of humans in cities. September 2024, Bucharest.    16.09.2024<\/p>\n<!-- \/wp:paragraph -->\n\n<!-- wp:paragraph {\"translatedWithWPMLTM\":\"1\"} -->\n<p>Hummel, P. (2024). DIY Filmmaking at the Intersection of Urban Political Activism, Music and Migration. KISMIF International Conference 'DIY Cultures, Democracy and Creative Participation' (KISMIF 2024). July 2024, Porto.    13.07.2024<\/p>\n<!-- \/wp:paragraph -->\n\n<!-- wp:paragraph {\"translatedWithWPMLTM\":\"1\"} -->\n<p>Cummings, V. &amp; Hummel, P. (2024). \"Uncovering\" migrants everyday life and the production of the urban space in Europe through art-based methods. Forthem Blended Intensive Program (BIP) 2024: \"Migrants and Cities\". Universit\u00e0 degli Studi di Palermo (UNIPA), June 2024, Palermo, 10.06.2024   <\/p>\n<!-- \/wp:paragraph -->\n<!-- \/wp:jgu\/accordion-item -->\n\n<!-- wp:jgu\/accordion-item {\"title\":\"Memberships\",\"init\":false,\"slug\":\"mitgliedschaften\"} -->\n<!-- wp:paragraph -->\n<p>Gutenberg Graduate School of the Humanities and Social Sciences (GSHS)<\/p>\n<!-- \/wp:paragraph -->\n\n<!-- wp:paragraph {\"translatedWithWPMLTM\":\"1\"} -->\n<p>FORTHEM Diversity and Migration Lab  <\/p>\n<!-- \/wp:paragraph -->\n\n<!-- wp:paragraph {\"translatedWithWPMLTM\":\"1\"} -->\n<p>AK Geographical Migration Research<\/p>\n<!-- \/wp:paragraph -->\n<!-- \/wp:jgu\/accordion-item -->\n\n<!-- wp:jgu\/accordion-item {\"title\":\"Teaching\",\"init\":false,\"slug\":\"lehre\"} -->\n<!-- wp:paragraph {\"translatedWithWPMLTM\":\"1\"} -->\n<p><strong>Summer semester 2025:<\/strong><\/p>\n<!-- \/wp:paragraph -->\n\n<!-- wp:list -->\n<ul><!-- wp:list-item {\"translatedWithWPMLTM\":\"1\"} -->\n<li>Major field trip with preparatory seminar: Georgia 2025<\/li>\n<!-- \/wp:list-item --><\/ul>\n<!-- \/wp:list -->\n\n<!-- wp:paragraph {\"translatedWithWPMLTM\":\"1\"} -->\n<p><strong>Winter semester 2024\/2025:<\/strong><\/p>\n<!-- \/wp:paragraph -->\n\n<!-- wp:list -->\n<ul><!-- wp:list-item {\"translatedWithWPMLTM\":\"1\"} -->\n<li>Practice class Human Geography I (Social Geography): Group F + G<\/li>\n<!-- \/wp:list-item --><\/ul>\n<!-- \/wp:list -->\n\n<!-- wp:paragraph {\"translatedWithWPMLTM\":\"1\"} -->\n<p><strong>Summer semester 2024:<\/strong><\/p>\n<!-- \/wp:paragraph -->\n\n<!-- wp:list -->\n<ul><!-- wp:list-item -->\n<li>Seminar &amp; Research Workshop : Exploring Migrants and the City: Place-Making in Palermo\/ Sicily<\/li>\n<!-- \/wp:list-item --><\/ul>\n<!-- \/wp:list -->\n\n<!-- wp:paragraph {\"translatedWithWPMLTM\":\"1\"} -->\n<p><strong>Winter semester 2023\/2024:<\/strong><\/p>\n<!-- \/wp:paragraph -->\n\n<!-- wp:list -->\n<ul><!-- wp:list-item {\"translatedWithWPMLTM\":\"1\"} -->\n<li>Major field trip with preparatory seminar: Georgia 2024<\/li>\n<!-- \/wp:list-item --><\/ul>\n<!-- \/wp:list -->\n<!-- \/wp:jgu\/accordion-item -->\n<!-- \/wp:jgu\/accordion --><\/div>\n<!-- \/wp:column -->\n\n<!-- wp:column -->\n<div class=\"wp-block-column\"><!-- wp:columns -->\n<div class=\"wp-block-columns\"><!-- wp:column -->\n<div class=\"wp-block-column\"><!-- wp:jgu\/image {\"image\":{\"url\":null,\"id\":9241}} \/-->\n\n<!-- wp:jgu\/image {\"image\":{\"url\":null,\"id\":10699}} \/--><\/div>\n<!-- \/wp:column -->\n\n<!-- wp:column -->\n<div class=\"wp-block-column\"><!-- wp:jgu\/idm-person {\"id\":\"307698\",\"link\":\"false\",\"skipDetails\":[\"portrait\"]} \/-->\n\n<!-- wp:paragraph {\"translatedWithWPMLTM\":\"1\"} -->\n<p>Consultation hour:<br \/><strong>By appointment via email<\/strong><\/p>\n<!-- \/wp:paragraph --><\/div>\n<!-- \/wp:column --><\/div>\n<!-- \/wp:columns --><\/div>\n<!-- \/wp:column --><\/div>\n<!-- \/wp:columns --><!-- wp:spacer {\"height\":\"459px\"} -->\n<div style=\"height:459px\" aria-hidden=\"true\" class=\"wp-block-spacer\"><\/div>\n<!-- \/wp:spacer -->","_links":{"self":[{"href":"https:\/\/www.humangeographie.uni-mainz.de\/en\/wp-json\/wp\/v2\/pages\/10466","targetHints":{"allow":["GET"]}}],"collection":[{"href":"https:\/\/www.humangeographie.uni-mainz.de\/en\/wp-json\/wp\/v2\/pages"}],"about":[{"href":"https:\/\/www.humangeographie.uni-mainz.de\/en\/wp-json\/wp\/v2\/types\/page"}],"author":[{"embeddable":true,"href":"https:\/\/www.humangeographie.uni-mainz.de\/en\/wp-json\/wp\/v2\/users\/484"}],"replies":[{"embeddable":true,"href":"https:\/\/www.humangeographie.uni-mainz.de\/en\/wp-json\/wp\/v2\/comments?post=10466"}],"version-history":[{"count":9,"href":"https:\/\/www.humangeographie.uni-mainz.de\/en\/wp-json\/wp\/v2\/pages\/10466\/revisions"}],"predecessor-version":[{"id":11499,"href":"https:\/\/www.humangeographie.uni-mainz.de\/en\/wp-json\/wp\/v2\/pages\/10466\/revisions\/11499"}],"wp:attachment":[{"href":"https:\/\/www.humangeographie.uni-mainz.de\/en\/wp-json\/wp\/v2\/media?parent=10466"}],"wp:term":[{"taxonomy":"category","embeddable":true,"href":"https:\/\/www.humangeographie.uni-mainz.de\/en\/wp-json\/wp\/v2\/categories?post=10466"},{"taxonomy":"post_tag","embeddable":true,"href":"https:\/\/www.humangeographie.uni-mainz.de\/en\/wp-json\/wp\/v2\/tags?post=10466"}],"curies":[{"name":"wp","href":"https:\/\/api.w.org\/{rel}","templated":true}]}}